{"id":2043,"date":"2023-02-17T12:29:40","date_gmt":"2023-02-17T12:29:40","guid":{"rendered":"https:\/\/www.molinsderei.site\/espaindustria\/?page_id=2043"},"modified":"2023-02-17T13:23:00","modified_gmt":"2023-02-17T13:23:00","slug":"materials-conferencia-la-transicio-tecnologica","status":"publish","type":"page","link":"https:\/\/www.molinsderei.site\/espaindustria\/materials-conferencia-la-transicio-tecnologica\/","title":{"rendered":"Materials confer\u00e8ncia la transici\u00f3 tecnol\u00f2gica"},"content":{"rendered":"\n\n\t<h1>Materials confer\u00e8ncia la transici\u00f3 tecnol\u00f2gica<\/h1>\n<h2>\u00a0Materials de la confer\u00e8ncia<\/h2>\n\t<h2>Pon\u00e8ncies<\/h2>\n\t\n\n\n\t<h2>Material gr\u00e0fic<\/h2>\n\t\t\t\t<img decoding=\"async\" src=\"http:\/\/www.molinsderei.site\/espaindustria\/wp-content\/uploads\/2023\/02\/Fn9aroyXwAAAYlM.jpg\" alt=\"Fn9aroyXwAAAYlM\" itemprop=\"image\" title=\"Fn9aroyXwAAAYlM\" onerror=\"this.style.display='none'\"  \/>\n\t\t\t\t<img decoding=\"async\" src=\"http:\/\/www.molinsderei.site\/espaindustria\/wp-content\/uploads\/2023\/02\/Fn9aroxXwAEYA6O.jpg\" alt=\"Fn9aroxXwAEYA6O\" itemprop=\"image\" title=\"Fn9aroxXwAEYA6O\" onerror=\"this.style.display='none'\"  \/>\n\t\t\t\t<img decoding=\"async\" src=\"http:\/\/www.molinsderei.site\/espaindustria\/wp-content\/uploads\/2023\/02\/Fn9arowXkAUizgq.jpg\" alt=\"Fn9arowXkAUizgq\" itemprop=\"image\" title=\"Fn9arowXkAUizgq\" onerror=\"this.style.display='none'\"  \/>\n\t\t\t\t<img decoding=\"async\" src=\"http:\/\/www.molinsderei.site\/espaindustria\/wp-content\/uploads\/2023\/02\/Fn9arotXEAEFx38.jpg\" alt=\"Fn9arotXEAEFx38\" itemprop=\"image\" title=\"Fn9arotXEAEFx38\" onerror=\"this.style.display='none'\"  \/>\n\t<h4><strong>\u00a0<\/strong><\/h4>\n\t<h2>Material audiovisual<\/h2>\n<h2>\n\t<\/h2>\n\t<iframe width=\"560\" height=\"315\" src=\"https:\/\/www.youtube.com\/embed\/0EHY-oZiQb8\" title=\"YouTube video player\" frameborder=\"0\" allow=\"accelerometer; autoplay; clipboard-write; encrypted-media; gyroscope; picture-in-picture; web-share\" allowfullscreen><\/iframe>\n\t\t\t\t<img decoding=\"async\" src=\"http:\/\/www.molinsderei.site\/espaindustria\/wp-content\/uploads\/2018\/06\/Logotip-color-esquerra-negatiu-alta-300x99.png\" alt=\"Logotip color esquerra negatiu alta\" itemprop=\"image\" title=\"Logotip color esquerra negatiu alta\" onerror=\"this.style.display='none'\"  \/>\n\t<h4>\n<a href=\"http:\/\/www.espaiempresa.cat\">www.espaiempresa.cat<\/a><\/h4>\n\t<h3>Contactar<\/h3>\nAjuntament de Molins de Rei<br \/>\n\u00c0rea de Desenvolupament i Promoci\u00f3<br \/>\nEstrat\u00e8gica Local<br \/>\n<strong>Oficina d&#8217;Atenci\u00f3 a l&#8217;Empresa<\/strong><br \/>\nPl. del Mercat, 5-6<br \/>\n08750 Molins de Rei\nT. 93 680 02 97<br \/>\nempresa@molinsderei.cat\n\n","protected":false},"excerpt":{"rendered":"<p>Materials confer\u00e8ncia la transici\u00f3 tecnol\u00f2gica \u00a0Materials de la confer\u00e8ncia Pon\u00e8ncies Material gr\u00e0fic \u00a0 Material audiovisual www.espaiempresa.cat Contactar Ajuntament de Molins de Rei \u00c0rea de Desenvolupament i Promoci\u00f3 Estrat\u00e8gica Local Oficina&hellip;<\/p>\n","protected":false},"author":2,"featured_media":0,"parent":0,"menu_order":0,"comment_status":"closed","ping_status":"closed","template":"","meta":{"footnotes":""},"class_list":["post-2043","page","type-page","status-publish","hentry"],"_links":{"self":[{"href":"https:\/\/www.molinsderei.site\/espaindustria\/wp-json\/wp\/v2\/pages\/2043","targetHints":{"allow":["GET"]}}],"collection":[{"href":"https:\/\/www.molinsderei.site\/espaindustria\/wp-json\/wp\/v2\/pages"}],"about":[{"href":"https:\/\/www.molinsderei.site\/espaindustria\/wp-json\/wp\/v2\/types\/page"}],"author":[{"embeddable":true,"href":"https:\/\/www.molinsderei.site\/espaindustria\/wp-json\/wp\/v2\/users\/2"}],"replies":[{"embeddable":true,"href":"https:\/\/www.molinsderei.site\/espaindustria\/wp-json\/wp\/v2\/comments?post=2043"}],"version-history":[{"count":0,"href":"https:\/\/www.molinsderei.site\/espaindustria\/wp-json\/wp\/v2\/pages\/2043\/revisions"}],"wp:attachment":[{"href":"https:\/\/www.molinsderei.site\/espaindustria\/wp-json\/wp\/v2\/media?parent=2043"}],"curies":[{"name":"wp","href":"https:\/\/api.w.org\/{rel}","templated":true}]}}